{"id":62,"date":"2025-05-23T20:48:19","date_gmt":"2025-05-23T20:48:19","guid":{"rendered":"https:\/\/www.voyances-amour-richesse.com\/?page_id=62"},"modified":"2025-05-23T20:58:18","modified_gmt":"2025-05-23T20:58:18","slug":"voyance","status":"publish","type":"page","link":"https:\/\/www.voyances-amour-richesse.com\/voyance\/","title":{"rendered":"voyance"},"content":{"rendered":"\n<div class=\"wp-block-cover alignfull has-parallax\" style=\"min-height:812px;aspect-ratio:unset;\"><div role=\"img\" aria-label=\"VOYANCE\" class=\"wp-block-cover__image-background wp-image-47 size-full has-parallax\" style=\"background-position:50% 50%;background-image:url(https:\/\/www.voyances-amour-richesse.com\/wp-content\/uploads\/2025\/05\/b0170db0d48b4dfe83b4db81ed4a18db.jpg)\"><\/div><span aria-hidden=\"true\" class=\"wp-block-cover__background has-nv-site-bg-background-color has-background-dim-70 has-background-dim\"><\/span><div class=\"wp-block-cover__inner-container is-layout-flow wp-block-cover-is-layout-flow\">\n<div class=\"wp-block-columns has-nv-site-bg-background-color has-background is-layout-flex wp-container-core-columns-is-layout-9d6595d7 wp-block-columns-is-layout-flex\">\n<div class=\"wp-block-column is-layout-flow wp-block-column-is-layout-flow\">\n<p><\/p>\n\n\n\n<div style=\"height:50px\" aria-hidden=\"true\" class=\"wp-block-spacer\"><\/div>\n\n\n\n<h1 class=\"wp-block-heading has-text-align-center has-text-color has-link-color wp-elements-8f0ddb32cc345b997beab9f30171ca57\" style=\"color:#8b0000;font-size:50px\">Les diff\u00e9rentes voyances<\/h1>\n\n\n\n<p class=\"has-text-align-center has-nv-dark-bg-color has-text-color has-link-color has-medium-font-size wp-elements-e8c3bd4ff4e8f7cef2586a0b7d9b03e2\">La voyance est une capacit\u00e9 divinatoire \u00e0 percevoir une information dans l&#8217;espace et dans le temps en dehors de l&#8217;usage des cinq sens, par perception extrasensorielle.<br>La personne qui aurait cette capacit\u00e9 est g\u00e9n\u00e9ralement appel\u00e9e voyant(e)&nbsp;<br>a travaers une consultations je vous donne de r\u00e9v\u00e9lations afin pour conna\u00eetre ou pour pr\u00e9parer votre avenir.&nbsp;<br>La voyance est consid\u00e9r\u00e9e comme une pseudoscience mais reste une activit\u00e9 populaire et lucrative.<\/p>\n\n\n\n<div style=\"height:50px\" aria-hidden=\"true\" class=\"wp-block-spacer\"><\/div>\n<\/div>\n<\/div>\n<\/div><\/div>\n\n\n\n<div class=\"wp-block-cover alignfull\" style=\"min-height:283px;aspect-ratio:unset;\"><span aria-hidden=\"true\" class=\"wp-block-cover__background has-black-background-color has-background-dim-100 has-background-dim\"><\/span><div class=\"wp-block-cover__inner-container is-layout-flow wp-block-cover-is-layout-flow\">\n<div style=\"height:20px\" aria-hidden=\"true\" class=\"wp-block-spacer\"><\/div>\n\n\n\n<div class=\"wp-block-columns is-layout-flex wp-container-core-columns-is-layout-9d6595d7 wp-block-columns-is-layout-flex\">\n<div class=\"wp-block-column is-layout-flow wp-block-column-is-layout-flow\" style=\"flex-basis:20%\"><\/div>\n\n\n\n<div class=\"wp-block-column is-layout-flow wp-block-column-is-layout-flow\" style=\"flex-basis:60%\">\n<div class=\"wp-block-group\"><div class=\"wp-block-group__inner-container is-layout-constrained wp-block-group-is-layout-constrained\">\n<p class=\"has-text-align-center has-text-color has-medium-font-size\" style=\"color:#fbcd30\">Ma\u00eetre voyant Tokpe<\/p>\n\n\n\n<p class=\"has-text-align-center has-text-color has-link-color has-medium-font-size wp-elements-f6f0291031701241bb1305b77625add5\" style=\"color:#fbcd30\">\u00a9 2025 par Ma\u00eetre voyant Tokpe.&nbsp;<\/p>\n<\/div><\/div>\n<\/div>\n\n\n\n<div class=\"wp-block-column is-layout-flow wp-block-column-is-layout-flow\" style=\"flex-basis:20%\"><\/div>\n<\/div>\n<\/div><\/div>\n\n\n\n<p><\/p>\n","protected":false},"excerpt":{"rendered":"","protected":false},"author":1,"featured_media":0,"parent":0,"menu_order":0,"comment_status":"closed","ping_status":"closed","template":"","meta":{"neve_meta_sidebar":"","neve_meta_container":"","neve_meta_enable_content_width":"on","neve_meta_content_width":100,"neve_meta_title_alignment":"","neve_meta_author_avatar":"","neve_post_elements_order":"","neve_meta_disable_header":"","neve_meta_disable_footer":"on","neve_meta_disable_title":"on","footnotes":""},"class_list":["post-62","page","type-page","status-publish","hentry"],"yoast_head":"<!-- This site is optimized with the Yoast SEO plugin v25.1 - https:\/\/yoast.com\/wordpress\/plugins\/seo\/ -->\n<title>La voyance | Voyance<\/title>\n<meta name=\"description\" content=\"La voyance est une capacit\u00e9 divinatoire \u00e0 percevoir une information dans l&#039;espace et dans le temps en dehors de l&#039;usage des cinq sens\" \/>\n<meta name=\"robots\" content=\"index, follow, max-snippet:-1, max-image-preview:large, max-video-preview:-1\" \/>\n<link rel=\"canonical\" href=\"https:\/\/www.voyances-amour-richesse.com\/voyance\/\" \/>\n<meta property=\"og:locale\" content=\"en_US\" \/>\n<meta property=\"og:type\" content=\"article\" \/>\n<meta property=\"og:title\" content=\"La voyance | Voyance\" \/>\n<meta property=\"og:description\" content=\"La voyance est une capacit\u00e9 divinatoire \u00e0 percevoir une information dans l&#039;espace et dans le temps en dehors de l&#039;usage des cinq sens\" \/>\n<meta property=\"og:url\" content=\"https:\/\/www.voyances-amour-richesse.com\/voyance\/\" \/>\n<meta property=\"og:site_name\" content=\"Marketing Agency\" \/>\n<meta property=\"article:modified_time\" content=\"2025-05-23T20:58:18+00:00\" \/>\n<meta name=\"twitter:card\" content=\"summary_large_image\" \/>\n<meta name=\"twitter:label1\" content=\"Est. reading time\" \/>\n\t<meta name=\"twitter:data1\" content=\"1 minute\" \/>\n<script type=\"application\/ld+json\" class=\"yoast-schema-graph\">{\"@context\":\"https:\/\/schema.org\",\"@graph\":[{\"@type\":\"WebPage\",\"@id\":\"https:\/\/www.voyances-amour-richesse.com\/voyance\/\",\"url\":\"https:\/\/www.voyances-amour-richesse.com\/voyance\/\",\"name\":\"La voyance | Voyance\",\"isPartOf\":{\"@id\":\"https:\/\/www.voyances-amour-richesse.com\/#website\"},\"datePublished\":\"2025-05-23T20:48:19+00:00\",\"dateModified\":\"2025-05-23T20:58:18+00:00\",\"description\":\"La voyance est une capacit\u00e9 divinatoire \u00e0 percevoir une information dans l'espace et dans le temps en dehors de l'usage des cinq sens\",\"breadcrumb\":{\"@id\":\"https:\/\/www.voyances-amour-richesse.com\/voyance\/#breadcrumb\"},\"inLanguage\":\"en-US\",\"potentialAction\":[{\"@type\":\"ReadAction\",\"target\":[\"https:\/\/www.voyances-amour-richesse.com\/voyance\/\"]}]},{\"@type\":\"BreadcrumbList\",\"@id\":\"https:\/\/www.voyances-amour-richesse.com\/voyance\/#breadcrumb\",\"itemListElement\":[{\"@type\":\"ListItem\",\"position\":1,\"name\":\"Home\",\"item\":\"https:\/\/www.voyances-amour-richesse.com\/\"},{\"@type\":\"ListItem\",\"position\":2,\"name\":\"voyance\"}]},{\"@type\":\"WebSite\",\"@id\":\"https:\/\/www.voyances-amour-richesse.com\/#website\",\"url\":\"https:\/\/www.voyances-amour-richesse.com\/\",\"name\":\"Marketing Agency\",\"description\":\"\",\"publisher\":{\"@id\":\"https:\/\/www.voyances-amour-richesse.com\/#organization\"},\"potentialAction\":[{\"@type\":\"SearchAction\",\"target\":{\"@type\":\"EntryPoint\",\"urlTemplate\":\"https:\/\/www.voyances-amour-richesse.com\/?s={search_term_string}\"},\"query-input\":{\"@type\":\"PropertyValueSpecification\",\"valueRequired\":true,\"valueName\":\"search_term_string\"}}],\"inLanguage\":\"en-US\"},{\"@type\":\"Organization\",\"@id\":\"https:\/\/www.voyances-amour-richesse.com\/#organization\",\"name\":\"Marketing Agency\",\"url\":\"https:\/\/www.voyances-amour-richesse.com\/\",\"logo\":{\"@type\":\"ImageObject\",\"inLanguage\":\"en-US\",\"@id\":\"https:\/\/www.voyances-amour-richesse.com\/#\/schema\/logo\/image\/\",\"url\":\"https:\/\/www.voyances-amour-richesse.com\/wp-content\/uploads\/2025\/05\/logo-agency.png\",\"contentUrl\":\"https:\/\/www.voyances-amour-richesse.com\/wp-content\/uploads\/2025\/05\/logo-agency.png\",\"width\":200,\"height\":200,\"caption\":\"Marketing Agency\"},\"image\":{\"@id\":\"https:\/\/www.voyances-amour-richesse.com\/#\/schema\/logo\/image\/\"}}]}<\/script>\n<!-- \/ Yoast SEO plugin. -->","yoast_head_json":{"title":"La voyance | Voyance","description":"La voyance est une capacit\u00e9 divinatoire \u00e0 percevoir une information dans l'espace et dans le temps en dehors de l'usage des cinq sens","robots":{"index":"index","follow":"follow","max-snippet":"max-snippet:-1","max-image-preview":"max-image-preview:large","max-video-preview":"max-video-preview:-1"},"canonical":"https:\/\/www.voyances-amour-richesse.com\/voyance\/","og_locale":"en_US","og_type":"article","og_title":"La voyance | Voyance","og_description":"La voyance est une capacit\u00e9 divinatoire \u00e0 percevoir une information dans l'espace et dans le temps en dehors de l'usage des cinq sens","og_url":"https:\/\/www.voyances-amour-richesse.com\/voyance\/","og_site_name":"Marketing Agency","article_modified_time":"2025-05-23T20:58:18+00:00","twitter_card":"summary_large_image","twitter_misc":{"Est. reading time":"1 minute"},"schema":{"@context":"https:\/\/schema.org","@graph":[{"@type":"WebPage","@id":"https:\/\/www.voyances-amour-richesse.com\/voyance\/","url":"https:\/\/www.voyances-amour-richesse.com\/voyance\/","name":"La voyance | Voyance","isPartOf":{"@id":"https:\/\/www.voyances-amour-richesse.com\/#website"},"datePublished":"2025-05-23T20:48:19+00:00","dateModified":"2025-05-23T20:58:18+00:00","description":"La voyance est une capacit\u00e9 divinatoire \u00e0 percevoir une information dans l'espace et dans le temps en dehors de l'usage des cinq sens","breadcrumb":{"@id":"https:\/\/www.voyances-amour-richesse.com\/voyance\/#breadcrumb"},"inLanguage":"en-US","potentialAction":[{"@type":"ReadAction","target":["https:\/\/www.voyances-amour-richesse.com\/voyance\/"]}]},{"@type":"BreadcrumbList","@id":"https:\/\/www.voyances-amour-richesse.com\/voyance\/#breadcrumb","itemListElement":[{"@type":"ListItem","position":1,"name":"Home","item":"https:\/\/www.voyances-amour-richesse.com\/"},{"@type":"ListItem","position":2,"name":"voyance"}]},{"@type":"WebSite","@id":"https:\/\/www.voyances-amour-richesse.com\/#website","url":"https:\/\/www.voyances-amour-richesse.com\/","name":"Marketing Agency","description":"","publisher":{"@id":"https:\/\/www.voyances-amour-richesse.com\/#organization"},"potentialAction":[{"@type":"SearchAction","target":{"@type":"EntryPoint","urlTemplate":"https:\/\/www.voyances-amour-richesse.com\/?s={search_term_string}"},"query-input":{"@type":"PropertyValueSpecification","valueRequired":true,"valueName":"search_term_string"}}],"inLanguage":"en-US"},{"@type":"Organization","@id":"https:\/\/www.voyances-amour-richesse.com\/#organization","name":"Marketing Agency","url":"https:\/\/www.voyances-amour-richesse.com\/","logo":{"@type":"ImageObject","inLanguage":"en-US","@id":"https:\/\/www.voyances-amour-richesse.com\/#\/schema\/logo\/image\/","url":"https:\/\/www.voyances-amour-richesse.com\/wp-content\/uploads\/2025\/05\/logo-agency.png","contentUrl":"https:\/\/www.voyances-amour-richesse.com\/wp-content\/uploads\/2025\/05\/logo-agency.png","width":200,"height":200,"caption":"Marketing Agency"},"image":{"@id":"https:\/\/www.voyances-amour-richesse.com\/#\/schema\/logo\/image\/"}}]}},"_links":{"self":[{"href":"https:\/\/www.voyances-amour-richesse.com\/index.php\/wp-json\/wp\/v2\/pages\/62","targetHints":{"allow":["GET"]}}],"collection":[{"href":"https:\/\/www.voyances-amour-richesse.com\/index.php\/wp-json\/wp\/v2\/pages"}],"about":[{"href":"https:\/\/www.voyances-amour-richesse.com\/index.php\/wp-json\/wp\/v2\/types\/page"}],"author":[{"embeddable":true,"href":"https:\/\/www.voyances-amour-richesse.com\/index.php\/wp-json\/wp\/v2\/users\/1"}],"replies":[{"embeddable":true,"href":"https:\/\/www.voyances-amour-richesse.com\/index.php\/wp-json\/wp\/v2\/comments?post=62"}],"version-history":[{"count":4,"href":"https:\/\/www.voyances-amour-richesse.com\/index.php\/wp-json\/wp\/v2\/pages\/62\/revisions"}],"predecessor-version":[{"id":98,"href":"https:\/\/www.voyances-amour-richesse.com\/index.php\/wp-json\/wp\/v2\/pages\/62\/revisions\/98"}],"wp:attachment":[{"href":"https:\/\/www.voyances-amour-richesse.com\/index.php\/wp-json\/wp\/v2\/media?parent=62"}],"curies":[{"name":"wp","href":"https:\/\/api.w.org\/{rel}","templated":true}]}}