{"id":8,"date":"2025-05-23T15:43:00","date_gmt":"2025-05-23T15:43:00","guid":{"rendered":"https:\/\/www.voyances-amour-richesse.com\/?page_id=8"},"modified":"2025-06-24T14:17:45","modified_gmt":"2025-06-24T14:17:45","slug":"home","status":"publish","type":"page","link":"https:\/\/www.voyances-amour-richesse.com\/","title":{"rendered":"Home"},"content":{"rendered":"\n<div class=\"wp-block-cover alignfull\" style=\"min-height:326px;aspect-ratio:unset;\"><span aria-hidden=\"true\" class=\"wp-block-cover__background has-background-dim-100 has-background-dim\"><\/span><div class=\"wp-block-cover__inner-container is-layout-flow wp-block-cover-is-layout-flow\">\n<div class=\"wp-block-columns are-vertically-aligned-center is-layout-flex wp-container-core-columns-is-layout-9d6595d7 wp-block-columns-is-layout-flex\">\n<div class=\"wp-block-column is-layout-flow wp-block-column-is-layout-flow\" style=\"flex-basis:20%\"><div class=\"wp-block-image\">\n<figure class=\"aligncenter size-full\"><img loading=\"lazy\" decoding=\"async\" width=\"153\" height=\"153\" src=\"https:\/\/www.voyances-amour-richesse.com\/wp-content\/uploads\/2025\/05\/telechargement-removebg-preview-1.png\" alt=\"MAITRE VOYANT TOKPE\" class=\"wp-image-39\" srcset=\"https:\/\/www.voyances-amour-richesse.com\/wp-content\/uploads\/2025\/05\/telechargement-removebg-preview-1.png 153w, https:\/\/www.voyances-amour-richesse.com\/wp-content\/uploads\/2025\/05\/telechargement-removebg-preview-1-150x150.png 150w\" sizes=\"auto, (max-width: 153px) 100vw, 153px\" \/><\/figure>\n<\/div><\/div>\n\n\n\n<div class=\"wp-block-column is-layout-flow wp-block-column-is-layout-flow\" style=\"flex-basis:60%\">\n<h1 class=\"wp-block-heading has-text-align-center has-text-color has-link-color wp-elements-f3e480a9d78c672286376f565cb9c414\" style=\"color:#fbcd30;font-size:51px\">MAITRE VOYANT TOKPE<\/h1>\n\n\n\n<h2 class=\"wp-block-heading has-text-align-center has-text-color has-link-color wp-elements-dfce724d4b8330742b8eeab700a77250\" style=\"color:#fbcd30\">voyant-tokpe@hotmail.com<\/h2>\n\n\n\n<h2 class=\"wp-block-heading has-text-align-center has-text-color has-link-color wp-elements-63397773134e03504239ca838d050049\" style=\"color:#fbcd30\">Whatsapp: +22167772927<\/h2>\n<\/div>\n\n\n\n<div class=\"wp-block-column is-layout-flow wp-block-column-is-layout-flow\" style=\"flex-basis:20%\"><div class=\"wp-block-image\">\n<figure class=\"aligncenter size-full\"><img loading=\"lazy\" decoding=\"async\" width=\"153\" height=\"153\" src=\"https:\/\/www.voyances-amour-richesse.com\/wp-content\/uploads\/2025\/05\/telechargement-removebg-preview-2.png\" alt=\"MAITRE VOYANT TOKPE\" class=\"wp-image-40\" srcset=\"https:\/\/www.voyances-amour-richesse.com\/wp-content\/uploads\/2025\/05\/telechargement-removebg-preview-2.png 153w, https:\/\/www.voyances-amour-richesse.com\/wp-content\/uploads\/2025\/05\/telechargement-removebg-preview-2-150x150.png 150w\" sizes=\"auto, (max-width: 153px) 100vw, 153px\" \/><\/figure>\n<\/div><\/div>\n<\/div>\n<\/div><\/div>\n\n\n\n<div class=\"wp-block-cover alignfull has-parallax\" style=\"min-height:434px;aspect-ratio:unset;\"><div role=\"img\" aria-label=\"MAITRE VOYANT TOKPE\" class=\"wp-block-cover__image-background wp-image-43 size-full has-parallax\" style=\"background-position:50% 50%;background-image:url(https:\/\/www.voyances-amour-richesse.com\/wp-content\/uploads\/2025\/05\/11062b_0a4cc6bd468f4930924daa97e9cfcce3mv2.jpg)\"><\/div><span aria-hidden=\"true\" class=\"wp-block-cover__background has-background-dim-80 has-background-dim\" style=\"background-color:#28311b\"><\/span><div class=\"wp-block-cover__inner-container is-layout-flow wp-block-cover-is-layout-flow\">\n<div class=\"wp-block-columns are-vertically-aligned-center is-layout-flex wp-container-core-columns-is-layout-9d6595d7 wp-block-columns-is-layout-flex\">\n<div class=\"wp-block-column is-layout-flow wp-block-column-is-layout-flow\" style=\"flex-basis:100%\">\n<h2 class=\"wp-block-heading has-text-align-center\" style=\"font-size:70px\">RITUEL DE RICHESSE<\/h2>\n\n\n\n<p class=\"has-text-align-center\" style=\"font-size:23px\">R\u00e9v\u00e9lez le but spirituel de votre vie<\/p>\n<\/div>\n<\/div>\n<\/div><\/div>\n\n\n\n<div class=\"wp-block-cover alignfull has-parallax\" style=\"min-height:390px;aspect-ratio:unset;\"><div role=\"img\" aria-label=\"VOYANCE\" class=\"wp-block-cover__image-background wp-image-47 size-full has-parallax\" style=\"background-position:50% 50%;background-image:url(https:\/\/www.voyances-amour-richesse.com\/wp-content\/uploads\/2025\/05\/b0170db0d48b4dfe83b4db81ed4a18db.jpg)\"><\/div><span aria-hidden=\"true\" class=\"wp-block-cover__background has-nv-site-bg-background-color has-background-dim-90 has-background-dim\"><\/span><div class=\"wp-block-cover__inner-container is-layout-flow wp-block-cover-is-layout-flow\">\n<div class=\"wp-block-columns are-vertically-aligned-center is-layout-flex wp-container-core-columns-is-layout-9d6595d7 wp-block-columns-is-layout-flex\">\n<div class=\"wp-block-column is-layout-flow wp-block-column-is-layout-flow\">\n<h2 class=\"wp-block-heading has-text-align-center has-text-color has-link-color wp-elements-6b6fcc03f7a3f7d9b25ba19eb4345a7c\" style=\"color:#8b0000;font-size:50px\">VOYANCE<\/h2>\n\n\n\n<p class=\"has-text-align-center has-text-color has-link-color wp-elements-1e0a41f4e15accbc7eea6c005f889a6a\" style=\"color:#28311b;font-size:25px\"><strong>Avec la puissance de grand maitre TOKPE il dispose trois diff\u00e9rentes sortes de voyance a savoir: la g\u00e9omancie, la cartomancie et la tarologie<\/strong><\/p>\n<\/div>\n<\/div>\n<\/div><\/div>\n\n\n\n<div class=\"wp-block-cover alignfull has-parallax\" style=\"min-height:443px;aspect-ratio:unset;\"><div role=\"img\" aria-label=\"RITUEL DE RICHESSE\" class=\"wp-block-cover__image-background wp-image-49 size-full has-parallax\" style=\"background-position:50% 50%;background-image:url(https:\/\/www.voyances-amour-richesse.com\/wp-content\/uploads\/2025\/05\/11062b_25cee323556140289d0f6df9e078e448mv2.jpeg)\"><\/div><span aria-hidden=\"true\" class=\"wp-block-cover__background has-black-background-color has-background-dim-80 has-background-dim\"><\/span><div class=\"wp-block-cover__inner-container is-layout-flow wp-block-cover-is-layout-flow\">\n<div class=\"wp-block-columns are-vertically-aligned-center is-layout-flex wp-container-core-columns-is-layout-9d6595d7 wp-block-columns-is-layout-flex\">\n<div class=\"wp-block-column is-layout-flow wp-block-column-is-layout-flow\">\n<h2 class=\"wp-block-heading has-text-align-center has-text-color has-link-color wp-elements-5a5c4b328bbd7e32d8cf4a52646acc2d\" style=\"color:#fbcd30;font-size:50px\">RITUEL DE RICHESSE<\/h2>\n\n\n\n<p class=\"has-text-align-center has-nv-site-bg-color has-text-color has-link-color wp-elements-aa870343886bd0258aea3b029324ffbb\" style=\"font-size:25px\"><strong>Grand maitre TOKPE il dispose plusieurs rituel de richesse qui avec leurs puissances vous rendent plus riche de fa\u00e7on rapide et \u00e9ternel. pour savoir plus sur ces rituels cliquer <a href=\"\/richesse\/\">ici<\/a><\/strong><\/p>\n<\/div>\n<\/div>\n<\/div><\/div>\n\n\n\n<div class=\"wp-block-cover alignfull\" style=\"min-height:525px;aspect-ratio:unset;\"><img loading=\"lazy\" decoding=\"async\" width=\"1537\" height=\"955\" class=\"wp-block-cover__image-background wp-image-50 size-full\" alt=\"RITUEL DE RETOUR AFFECTIF\" src=\"https:\/\/www.voyances-amour-richesse.com\/wp-content\/uploads\/2025\/05\/dc45a6a9f21d45509cd4bd9d2548acde.jpg\" style=\"object-position:53% 25%\" data-object-fit=\"cover\" data-object-position=\"53% 25%\" srcset=\"https:\/\/www.voyances-amour-richesse.com\/wp-content\/uploads\/2025\/05\/dc45a6a9f21d45509cd4bd9d2548acde.jpg 1537w, https:\/\/www.voyances-amour-richesse.com\/wp-content\/uploads\/2025\/05\/dc45a6a9f21d45509cd4bd9d2548acde-300x186.jpg 300w, https:\/\/www.voyances-amour-richesse.com\/wp-content\/uploads\/2025\/05\/dc45a6a9f21d45509cd4bd9d2548acde-1024x636.jpg 1024w, https:\/\/www.voyances-amour-richesse.com\/wp-content\/uploads\/2025\/05\/dc45a6a9f21d45509cd4bd9d2548acde-768x477.jpg 768w\" sizes=\"auto, (max-width: 1537px) 100vw, 1537px\" \/><span aria-hidden=\"true\" class=\"wp-block-cover__background has-nv-site-bg-background-color has-background-dim-80 has-background-dim\"><\/span><div class=\"wp-block-cover__inner-container is-layout-flow wp-block-cover-is-layout-flow\">\n<div class=\"wp-block-columns are-vertically-aligned-center is-layout-flex wp-container-core-columns-is-layout-9d6595d7 wp-block-columns-is-layout-flex\">\n<div class=\"wp-block-column is-layout-flow wp-block-column-is-layout-flow\">\n<h2 class=\"wp-block-heading has-text-align-center has-text-color has-link-color wp-elements-ea7042fba9f6c3b869f5ffaa2824b69c\" style=\"color:#8b0000;font-size:50px\">RITUEL DE RETOUR AFFECTIF<\/h2>\n\n\n\n<p class=\"has-text-align-center has-text-color has-link-color wp-elements-c15dcf263f1a21990399f064e2c087d1\" style=\"color:#28311b;font-size:25px;letter-spacing:0px\"><strong>Pour la conqu\u00eate affective, l\u2019expert en amour use de puissantes rituels afin que vous retrouviez votre bien aim\u00e9. Grand ma\u00eetre TOKPE vous assure un amour r\u00e9ciproque et une stabilit\u00e9 conjugale. Ne cherchez plus \u00e0 comment oublier votre ex mais \u00e0 faire revenir votre ex gr\u00e2ce au rituel d\u2019amour de Grand ma\u00eetre TOKPE.<\/strong><\/p>\n<\/div>\n<\/div>\n<\/div><\/div>\n\n\n\n<div class=\"wp-block-cover alignfull has-parallax\" style=\"min-height:443px;aspect-ratio:unset;\"><div role=\"img\" aria-label=\"Commentaires des clients\" class=\"wp-block-cover__image-background wp-image-51 size-full has-parallax\" style=\"background-position:50% 50%;background-image:url(https:\/\/www.voyances-amour-richesse.com\/wp-content\/uploads\/2025\/05\/11062b_ed71af79bccc4783ac00939bb9c53522mv2.jpg)\"><\/div><span aria-hidden=\"true\" class=\"wp-block-cover__background has-black-background-color has-background-dim-80 has-background-dim\"><\/span><div class=\"wp-block-cover__inner-container is-layout-flow wp-block-cover-is-layout-flow\">\n<div style=\"height:120px\" aria-hidden=\"true\" class=\"wp-block-spacer\"><\/div>\n\n\n\n<div class=\"wp-block-columns are-vertically-aligned-center is-layout-flex wp-container-core-columns-is-layout-9d6595d7 wp-block-columns-is-layout-flex\">\n<div class=\"wp-block-column is-layout-flow wp-block-column-is-layout-flow\">\n<h2 class=\"wp-block-heading has-text-align-center has-text-color has-link-color wp-elements-dfc98b6a48a3cf25efa8ce6be1b1bef4\" style=\"color:#fbcd30;font-size:50px\">Commentaires des clients<\/h2>\n\n\n\n<p class=\"has-text-align-center has-text-color has-link-color has-large-font-size wp-elements-e731d2e7b51524a0bea08cee3e2fbab6\" style=\"color:#fbcd30\">Ce que l&#8217;on dit<\/p>\n\n\n\n<div style=\"height:30px\" aria-hidden=\"true\" class=\"wp-block-spacer\"><\/div>\n\n\n\n<div class=\"wp-block-columns is-layout-flex wp-container-core-columns-is-layout-9d6595d7 wp-block-columns-is-layout-flex\">\n<div class=\"wp-block-column is-layout-flow wp-block-column-is-layout-flow\"><div class=\"wp-block-image wp-duotone-rgb25120548-fcff41-1\">\n<figure class=\"aligncenter size-full is-resized\"><img loading=\"lazy\" decoding=\"async\" width=\"102\" height=\"98\" src=\"https:\/\/www.voyances-amour-richesse.com\/wp-content\/uploads\/2025\/05\/svgviewer-output.png\" alt=\"Commentaires\" class=\"wp-image-52\" style=\"width:50px\"\/><\/figure>\n<\/div>\n\n\n<p><\/p>\n\n\n\n<p class=\"has-text-align-center\" style=\"font-size:18px\"><strong>Tr\u00e8s content et satisfait des<\/strong><br><strong> rituels que vous m&#8217;avez fait je<\/strong><br><strong> vous remercie de votre rapidit\u00e9<\/strong><br><strong> et votre efficacit\u00e9 et a tr\u00e8s<\/strong><br><strong> bient\u00f4t merci a vous il y a des<\/strong><br><strong> belle choses<\/strong><\/p>\n\n\n\n<h3 class=\"wp-block-heading has-text-align-center\"><strong>A. Jean<\/strong><\/h3>\n<\/div>\n\n\n\n<div class=\"wp-block-column is-layout-flow wp-block-column-is-layout-flow\"><div class=\"wp-block-image wp-duotone-rgb25120548-fcff41-2\">\n<figure class=\"aligncenter size-full is-resized\"><img loading=\"lazy\" decoding=\"async\" width=\"102\" height=\"98\" src=\"https:\/\/www.voyances-amour-richesse.com\/wp-content\/uploads\/2025\/05\/svgviewer-output.png\" alt=\"Commentaires\" class=\"wp-image-52\" style=\"width:50px\"\/><\/figure>\n<\/div>\n\n\n<p><\/p>\n\n\n\n<p class=\"has-text-align-center\" style=\"font-size:18px\"><strong>Tr\u00e8s satisfaite de les<\/strong><br><strong> commandes Grand ma\u00eetre<\/strong><br><strong> voyant est un professionnel et<\/strong><br><strong> fait du vrai rituel moi Richard je recommande<\/strong><br><strong> cet homme les yeux ferm\u00e9s<\/strong><\/p>\n\n\n\n<h3 class=\"wp-block-heading has-text-align-center\"><strong>J. Richard<\/strong><\/h3>\n<\/div>\n\n\n\n<div class=\"wp-block-column is-layout-flow wp-block-column-is-layout-flow\"><div class=\"wp-block-image wp-duotone-rgb25120548-fcff41-3\">\n<figure class=\"aligncenter size-full is-resized\"><img loading=\"lazy\" decoding=\"async\" width=\"102\" height=\"98\" src=\"https:\/\/www.voyances-amour-richesse.com\/wp-content\/uploads\/2025\/05\/svgviewer-output.png\" alt=\"Commentaires\" class=\"wp-image-52\" style=\"width:50px\"\/><\/figure>\n<\/div>\n\n\n<p><\/p>\n\n\n\n<p class=\"has-text-align-center\" style=\"font-size:18px\"><strong>waooo! avez r\u00e9ussi gr\u00e2ce a<\/strong><br><strong> votre rituel de calebasse de<\/strong><br><strong> richesse que vous avez faire<\/strong><br><strong> pour moi depuis ce jour la suis financi\u00e8rement&nbsp; heureux.<\/strong><\/p>\n\n\n\n<h3 class=\"wp-block-heading has-text-align-center\"><strong>S. Vincent<\/strong><\/h3>\n<\/div>\n<\/div>\n<\/div>\n<\/div>\n\n\n\n<div style=\"height:80px\" aria-hidden=\"true\" class=\"wp-block-spacer\"><\/div>\n<\/div><\/div>\n\n\n\n<div class=\"wp-block-cover alignfull is-light\" style=\"min-height:525px;aspect-ratio:unset;\"><span aria-hidden=\"true\" class=\"wp-block-cover__background has-background-dim-100 has-background-dim\" style=\"background-color:#f2efe5\"><\/span><div class=\"wp-block-cover__inner-container is-layout-flow wp-block-cover-is-layout-flow\">\n<div class=\"wp-block-columns are-vertically-aligned-center is-layout-flex wp-container-core-columns-is-layout-9d6595d7 wp-block-columns-is-layout-flex\">\n<div class=\"wp-block-column is-layout-flow wp-block-column-is-layout-flow\">\n<h2 class=\"wp-block-heading has-text-align-center has-text-color has-link-color wp-elements-bebe0f8813f3da7cd7b69e43d38a5a1e\" style=\"color:#8b0000;font-size:50px\">Contactez-moi<\/h2>\n\n\n\n<p class=\"has-text-align-center has-text-color has-link-color wp-elements-b694e1e9441715e477860fff62c11b69\" style=\"color:#28311b;font-size:25px;letter-spacing:0px\">500 Terry Francois Street, 6th Floor. San Francisco, CA 94158<\/p>\n\n\n\n<p class=\"has-text-align-center has-text-color has-link-color wp-elements-512a0e10dcf0e17453a8f884cef8f053\" style=\"color:#28311b;font-size:25px;letter-spacing:0px\">+22167772927<\/p>\n<\/div>\n<\/div>\n<\/div><\/div>\n\n\n\n<div class=\"wp-block-cover alignfull\" style=\"min-height:283px;aspect-ratio:unset;\"><span aria-hidden=\"true\" class=\"wp-block-cover__background has-black-background-color has-background-dim-100 has-background-dim\"><\/span><div class=\"wp-block-cover__inner-container is-layout-flow wp-block-cover-is-layout-flow\">\n<div style=\"height:20px\" aria-hidden=\"true\" class=\"wp-block-spacer\"><\/div>\n\n\n\n<div class=\"wp-block-columns is-layout-flex wp-container-core-columns-is-layout-9d6595d7 wp-block-columns-is-layout-flex\">\n<div class=\"wp-block-column is-layout-flow wp-block-column-is-layout-flow\" style=\"flex-basis:20%\"><\/div>\n\n\n\n<div class=\"wp-block-column is-layout-flow wp-block-column-is-layout-flow\" style=\"flex-basis:60%\">\n<div class=\"wp-block-group\"><div class=\"wp-block-group__inner-container is-layout-constrained wp-block-group-is-layout-constrained\">\n<p class=\"has-text-align-center has-text-color has-medium-font-size\" style=\"color:#fbcd30\">Ma\u00eetre voyant Tokpe<\/p>\n\n\n\n<p class=\"has-text-align-center has-text-color has-link-color has-medium-font-size wp-elements-f6f0291031701241bb1305b77625add5\" style=\"color:#fbcd30\">\u00a9 2025 par Ma\u00eetre voyant Tokpe.&nbsp;<\/p>\n<\/div><\/div>\n<\/div>\n\n\n\n<div class=\"wp-block-column is-layout-flow wp-block-column-is-layout-flow\" style=\"flex-basis:20%\"><\/div>\n<\/div>\n<\/div><\/div>\n\n\n\n<p><\/p>\n","protected":false},"excerpt":{"rendered":"","protected":false},"author":1,"featured_media":0,"parent":0,"menu_order":0,"comment_status":"closed","ping_status":"closed","template":"","meta":{"neve_meta_sidebar":"","neve_meta_container":"","neve_meta_enable_content_width":"on","neve_meta_content_width":100,"neve_meta_title_alignment":"","neve_meta_author_avatar":"","neve_post_elements_order":"","neve_meta_disable_header":"","neve_meta_disable_footer":"on","neve_meta_disable_title":"on","footnotes":""},"class_list":["post-8","page","type-page","status-publish","hentry"],"yoast_head":"<!-- This site is optimized with the Yoast SEO plugin v25.1 - https:\/\/yoast.com\/wordpress\/plugins\/seo\/ -->\n<title>Home | Voyance<\/title>\n<meta name=\"description\" content=\"Avec la puissance de grand maitre TOKPE il dispose trois diff\u00e9rentes sortes de voyance a savoir\" \/>\n<meta name=\"robots\" content=\"index, follow, max-snippet:-1, max-image-preview:large, max-video-preview:-1\" \/>\n<link rel=\"canonical\" href=\"https:\/\/www.voyances-amour-richesse.com\/\" \/>\n<meta property=\"og:locale\" content=\"en_US\" \/>\n<meta property=\"og:type\" content=\"article\" \/>\n<meta property=\"og:title\" content=\"Home | Voyance\" \/>\n<meta property=\"og:description\" content=\"Avec la puissance de grand maitre TOKPE il dispose trois diff\u00e9rentes sortes de voyance a savoir\" \/>\n<meta property=\"og:url\" content=\"https:\/\/www.voyances-amour-richesse.com\/\" \/>\n<meta property=\"og:site_name\" content=\"Marketing Agency\" \/>\n<meta property=\"article:modified_time\" content=\"2025-06-24T14:17:45+00:00\" \/>\n<meta property=\"og:image\" content=\"https:\/\/www.voyances-amour-richesse.com\/wp-content\/uploads\/2025\/05\/telechargement-removebg-preview-1.png\" \/>\n<meta name=\"twitter:card\" content=\"summary_large_image\" \/>\n<meta name=\"twitter:label1\" content=\"Est. reading time\" \/>\n\t<meta name=\"twitter:data1\" content=\"3 minutes\" \/>\n<script type=\"application\/ld+json\" class=\"yoast-schema-graph\">{\"@context\":\"https:\/\/schema.org\",\"@graph\":[{\"@type\":\"WebPage\",\"@id\":\"https:\/\/www.voyances-amour-richesse.com\/\",\"url\":\"https:\/\/www.voyances-amour-richesse.com\/\",\"name\":\"Home | Voyance\",\"isPartOf\":{\"@id\":\"https:\/\/www.voyances-amour-richesse.com\/#website\"},\"primaryImageOfPage\":{\"@id\":\"https:\/\/www.voyances-amour-richesse.com\/#primaryimage\"},\"image\":{\"@id\":\"https:\/\/www.voyances-amour-richesse.com\/#primaryimage\"},\"thumbnailUrl\":\"https:\/\/www.voyances-amour-richesse.com\/wp-content\/uploads\/2025\/05\/telechargement-removebg-preview-1.png\",\"datePublished\":\"2025-05-23T15:43:00+00:00\",\"dateModified\":\"2025-06-24T14:17:45+00:00\",\"description\":\"Avec la puissance de grand maitre TOKPE il dispose trois diff\u00e9rentes sortes de voyance a savoir\",\"breadcrumb\":{\"@id\":\"https:\/\/www.voyances-amour-richesse.com\/#breadcrumb\"},\"inLanguage\":\"en-US\",\"potentialAction\":[{\"@type\":\"ReadAction\",\"target\":[\"https:\/\/www.voyances-amour-richesse.com\/\"]}]},{\"@type\":\"ImageObject\",\"inLanguage\":\"en-US\",\"@id\":\"https:\/\/www.voyances-amour-richesse.com\/#primaryimage\",\"url\":\"https:\/\/www.voyances-amour-richesse.com\/wp-content\/uploads\/2025\/05\/telechargement-removebg-preview-1.png\",\"contentUrl\":\"https:\/\/www.voyances-amour-richesse.com\/wp-content\/uploads\/2025\/05\/telechargement-removebg-preview-1.png\",\"width\":153,\"height\":153},{\"@type\":\"BreadcrumbList\",\"@id\":\"https:\/\/www.voyances-amour-richesse.com\/#breadcrumb\",\"itemListElement\":[{\"@type\":\"ListItem\",\"position\":1,\"name\":\"Home\",\"item\":\"https:\/\/www.voyances-amour-richesse.com\/\"},{\"@type\":\"ListItem\",\"position\":2,\"name\":\"Home\"}]},{\"@type\":\"WebSite\",\"@id\":\"https:\/\/www.voyances-amour-richesse.com\/#website\",\"url\":\"https:\/\/www.voyances-amour-richesse.com\/\",\"name\":\"Marketing Agency\",\"description\":\"\",\"publisher\":{\"@id\":\"https:\/\/www.voyances-amour-richesse.com\/#organization\"},\"potentialAction\":[{\"@type\":\"SearchAction\",\"target\":{\"@type\":\"EntryPoint\",\"urlTemplate\":\"https:\/\/www.voyances-amour-richesse.com\/?s={search_term_string}\"},\"query-input\":{\"@type\":\"PropertyValueSpecification\",\"valueRequired\":true,\"valueName\":\"search_term_string\"}}],\"inLanguage\":\"en-US\"},{\"@type\":\"Organization\",\"@id\":\"https:\/\/www.voyances-amour-richesse.com\/#organization\",\"name\":\"Marketing Agency\",\"url\":\"https:\/\/www.voyances-amour-richesse.com\/\",\"logo\":{\"@type\":\"ImageObject\",\"inLanguage\":\"en-US\",\"@id\":\"https:\/\/www.voyances-amour-richesse.com\/#\/schema\/logo\/image\/\",\"url\":\"https:\/\/www.voyances-amour-richesse.com\/wp-content\/uploads\/2025\/05\/logo-agency.png\",\"contentUrl\":\"https:\/\/www.voyances-amour-richesse.com\/wp-content\/uploads\/2025\/05\/logo-agency.png\",\"width\":200,\"height\":200,\"caption\":\"Marketing Agency\"},\"image\":{\"@id\":\"https:\/\/www.voyances-amour-richesse.com\/#\/schema\/logo\/image\/\"}}]}<\/script>\n<!-- \/ Yoast SEO plugin. -->","yoast_head_json":{"title":"Home | Voyance","description":"Avec la puissance de grand maitre TOKPE il dispose trois diff\u00e9rentes sortes de voyance a savoir","robots":{"index":"index","follow":"follow","max-snippet":"max-snippet:-1","max-image-preview":"max-image-preview:large","max-video-preview":"max-video-preview:-1"},"canonical":"https:\/\/www.voyances-amour-richesse.com\/","og_locale":"en_US","og_type":"article","og_title":"Home | Voyance","og_description":"Avec la puissance de grand maitre TOKPE il dispose trois diff\u00e9rentes sortes de voyance a savoir","og_url":"https:\/\/www.voyances-amour-richesse.com\/","og_site_name":"Marketing Agency","article_modified_time":"2025-06-24T14:17:45+00:00","og_image":[{"url":"https:\/\/www.voyances-amour-richesse.com\/wp-content\/uploads\/2025\/05\/telechargement-removebg-preview-1.png","type":"","width":"","height":""}],"twitter_card":"summary_large_image","twitter_misc":{"Est. reading time":"3 minutes"},"schema":{"@context":"https:\/\/schema.org","@graph":[{"@type":"WebPage","@id":"https:\/\/www.voyances-amour-richesse.com\/","url":"https:\/\/www.voyances-amour-richesse.com\/","name":"Home | Voyance","isPartOf":{"@id":"https:\/\/www.voyances-amour-richesse.com\/#website"},"primaryImageOfPage":{"@id":"https:\/\/www.voyances-amour-richesse.com\/#primaryimage"},"image":{"@id":"https:\/\/www.voyances-amour-richesse.com\/#primaryimage"},"thumbnailUrl":"https:\/\/www.voyances-amour-richesse.com\/wp-content\/uploads\/2025\/05\/telechargement-removebg-preview-1.png","datePublished":"2025-05-23T15:43:00+00:00","dateModified":"2025-06-24T14:17:45+00:00","description":"Avec la puissance de grand maitre TOKPE il dispose trois diff\u00e9rentes sortes de voyance a savoir","breadcrumb":{"@id":"https:\/\/www.voyances-amour-richesse.com\/#breadcrumb"},"inLanguage":"en-US","potentialAction":[{"@type":"ReadAction","target":["https:\/\/www.voyances-amour-richesse.com\/"]}]},{"@type":"ImageObject","inLanguage":"en-US","@id":"https:\/\/www.voyances-amour-richesse.com\/#primaryimage","url":"https:\/\/www.voyances-amour-richesse.com\/wp-content\/uploads\/2025\/05\/telechargement-removebg-preview-1.png","contentUrl":"https:\/\/www.voyances-amour-richesse.com\/wp-content\/uploads\/2025\/05\/telechargement-removebg-preview-1.png","width":153,"height":153},{"@type":"BreadcrumbList","@id":"https:\/\/www.voyances-amour-richesse.com\/#breadcrumb","itemListElement":[{"@type":"ListItem","position":1,"name":"Home","item":"https:\/\/www.voyances-amour-richesse.com\/"},{"@type":"ListItem","position":2,"name":"Home"}]},{"@type":"WebSite","@id":"https:\/\/www.voyances-amour-richesse.com\/#website","url":"https:\/\/www.voyances-amour-richesse.com\/","name":"Marketing Agency","description":"","publisher":{"@id":"https:\/\/www.voyances-amour-richesse.com\/#organization"},"potentialAction":[{"@type":"SearchAction","target":{"@type":"EntryPoint","urlTemplate":"https:\/\/www.voyances-amour-richesse.com\/?s={search_term_string}"},"query-input":{"@type":"PropertyValueSpecification","valueRequired":true,"valueName":"search_term_string"}}],"inLanguage":"en-US"},{"@type":"Organization","@id":"https:\/\/www.voyances-amour-richesse.com\/#organization","name":"Marketing Agency","url":"https:\/\/www.voyances-amour-richesse.com\/","logo":{"@type":"ImageObject","inLanguage":"en-US","@id":"https:\/\/www.voyances-amour-richesse.com\/#\/schema\/logo\/image\/","url":"https:\/\/www.voyances-amour-richesse.com\/wp-content\/uploads\/2025\/05\/logo-agency.png","contentUrl":"https:\/\/www.voyances-amour-richesse.com\/wp-content\/uploads\/2025\/05\/logo-agency.png","width":200,"height":200,"caption":"Marketing Agency"},"image":{"@id":"https:\/\/www.voyances-amour-richesse.com\/#\/schema\/logo\/image\/"}}]}},"_links":{"self":[{"href":"https:\/\/www.voyances-amour-richesse.com\/index.php\/wp-json\/wp\/v2\/pages\/8","targetHints":{"allow":["GET"]}}],"collection":[{"href":"https:\/\/www.voyances-amour-richesse.com\/index.php\/wp-json\/wp\/v2\/pages"}],"about":[{"href":"https:\/\/www.voyances-amour-richesse.com\/index.php\/wp-json\/wp\/v2\/types\/page"}],"author":[{"embeddable":true,"href":"https:\/\/www.voyances-amour-richesse.com\/index.php\/wp-json\/wp\/v2\/users\/1"}],"replies":[{"embeddable":true,"href":"https:\/\/www.voyances-amour-richesse.com\/index.php\/wp-json\/wp\/v2\/comments?post=8"}],"version-history":[{"count":13,"href":"https:\/\/www.voyances-amour-richesse.com\/index.php\/wp-json\/wp\/v2\/pages\/8\/revisions"}],"predecessor-version":[{"id":159,"href":"https:\/\/www.voyances-amour-richesse.com\/index.php\/wp-json\/wp\/v2\/pages\/8\/revisions\/159"}],"wp:attachment":[{"href":"https:\/\/www.voyances-amour-richesse.com\/index.php\/wp-json\/wp\/v2\/media?parent=8"}],"curies":[{"name":"wp","href":"https:\/\/api.w.org\/{rel}","templated":true}]}}